{"id":166,"date":"2025-04-11T12:23:22","date_gmt":"2025-04-11T10:23:22","guid":{"rendered":"https:\/\/vittrup-graversen.dk\/?page_id=166"},"modified":"2026-03-04T12:45:04","modified_gmt":"2026-03-04T10:45:04","slug":"om","status":"publish","type":"page","link":"https:\/\/vittrup-graversen.dk\/index.php\/om\/","title":{"rendered":"&#8230;om"},"content":{"rendered":"\n<div class=\"wp-block-cover alignfull is-light has-aspect-ratio\" style=\"margin-top:0;padding-top:5vw;padding-right:5vw;padding-bottom:5vw;padding-left:5vw;min-height:1202px;aspect-ratio:unset;aspect-ratio:unset;min-height:unset;\"><span aria-hidden=\"true\" class=\"wp-block-cover__background has-background-dim-100 has-background-dim has-background-gradient\" style=\"background:linear-gradient(90deg,rgb(35,74,20) 50%,rgb(225,137,116) 50%)\"><\/span><div class=\"wp-block-cover__inner-container is-layout-flow wp-block-cover-is-layout-flow\">\n\n<div class=\"wp-block-group\"><div class=\"wp-block-group__inner-container is-layout-constrained wp-block-group-is-layout-constrained is-layout-flow wp-block-group-is-layout-flow\">\n\n<div style=\"height:100px\" aria-hidden=\"true\" class=\"wp-block-spacer\"><\/div>\n\n\n<figure class=\"wp-block-image size-full is-style-default wp-duotone-000000-ffffff-1\"><img loading=\"lazy\" decoding=\"async\" width=\"690\" height=\"460\" src=\"https:\/\/vittrup-graversen.dk\/wp-content\/uploads\/2025\/04\/Mig_selv_der_kigger_paa_en_paerer.jpg\" alt=\"\" class=\"wp-image-167\" srcset=\"https:\/\/vittrup-graversen.dk\/wp-content\/uploads\/2025\/04\/Mig_selv_der_kigger_paa_en_paerer.jpg 690w, https:\/\/vittrup-graversen.dk\/wp-content\/uploads\/2025\/04\/Mig_selv_der_kigger_paa_en_paerer-300x200.jpg 300w\" sizes=\"auto, (max-width: 690px) 100vw, 690px\" \/><\/figure>\n\n\n<div style=\"height:48px\" aria-hidden=\"true\" class=\"wp-block-spacer\"><\/div>\n\n\n<h2 class=\"wp-block-heading alignwide has-text-align-center has-white-color has-text-color\" style=\"padding-left:32px;font-size:50px;font-style:normal;font-weight:400;letter-spacing:32px;line-height:1;text-transform:uppercase\">Morten vittrup graversen<\/h2>\n\n\n<div style=\"height:100px\" aria-hidden=\"true\" class=\"wp-block-spacer\"><\/div>\n\n<\/div><\/div>\n\n<\/div><\/div>\n\n\n\n<p>Jeg har arbejdet med IT siden 1993 \u2014 i over 30 \u00e5r som Systems Architect med speciale i Microsoft-teknologier. Sidel\u00f8bende har jeg opbygget solid erfaring med Linux-baseret infrastruktur \u2014 fra serverops\u00e6tning og shell-scripting til reverse proxies og containerisering. Det har givet mig et bredt perspektiv p\u00e5 alt fra enterprise-arkitektur til den nyeste AI-revolution.<\/p>\n\n\n\n<p>I dag er jeg s\u00e6rligt optaget af <strong>agentic engineering<\/strong> \u2014 hvordan AI-agenter kan automatisere, assistere og forst\u00e6rke udvikleres arbejde. Denne blog er mit laboratorium, hvor jeg deler erfaringer, tekniske dybdyk og nyheder fra fronten.<\/p>\n\n\n\n<p><strong>Homelab og smart home<\/strong><\/p>\n\n\n\n<p>N\u00e5r man har n\u00f8rdet med IT i 30+ \u00e5r, stopper det ikke ved kontoret. Derhjemme k\u00f8rer jeg et homelab med Proxmox-baseret virtualisering, selvhostet infrastruktur og et netv\u00e6rk jeg har fuld kontrol over \u2014 fra reverse proxy og DNS over Docker og backup, til udvikling af websites og apps (fx. MitBlodtryk som du kan <a href=\"https:\/\/apps.apple.com\/dk\/app\/mitblodtryk\/id6758299233\" target=\"_blank\" rel=\"noopener\">hente her<\/a>  eller <a href=\"https:\/\/apps.apple.com\/dk\/app\/metropulse-f3681d\/id6758666895?l=da\" target=\"_blank\" rel=\"noreferrer noopener\">MetroPulse<\/a> (pt. Kun IOS) eller tjek <a href=\"http:\/\/promptpusher.dk\" target=\"_blank\" rel=\"noreferrer noopener\">promptpusher.dk<\/a>) . Det er min legeplads for at teste, l\u00e6re og holde h\u00e6nderne i teknikken.<\/p>\n\n\n\n<p>En stor del af det setup er <a href=\"https:\/\/www.home-assistant.io\/\" target=\"_blank\" rel=\"noreferrer noopener\">Home Assistant<\/a>, som jeg har brugt intensivt i flere \u00e5r og efterh\u00e5nden betragter mig som ekspert i. Alt fra klimastyring og energioverv\u00e5gning til <a href=\"https:\/\/vittrup-graversen.dk\/index.php\/2026\/03\/04\/fra-knaptryk-til-ai-genereret-musikbeskrivelse-saadan-styrer-jeg-mit-smart-home-musik-setup\/\" data-type=\"post\" data-id=\"688\">integration med alverdens enheder<\/a>. Jeg blogger ogs\u00e5 om mine erfaringer med smart home \u2014 find det under tagget \u2018homelab\u2019.<\/p>\n\n\n\n<p><strong>Ud over tastaturet<\/strong><\/p>\n\n\n\n<p>N\u00e5r jeg ikke sidder foran en sk\u00e6rm, spiller jeg bas i <strong><a href=\"http:\/\/kingsizebigband.dk\/\" target=\"_blank\" rel=\"noreferrer noopener\">King Size Big Band<\/a><\/strong> \u2014 et k\u00f8benhavnsk orkester best\u00e5ende af professionelle og semi-professionelle. Orkestret har over 40 \u00e5rs p\u00e5 bagen, og best\u00e5r af 18 musikere. Orkestret dirigeres af Anders Larson. <\/p>\n\n\n\n<p>Jeg har spillet bas siden jeg var 14, og bassen har altid fulgt mig. Fra tid til anden skriver jeg ogs\u00e5 blogposts relateret til dette emne. Find det under tagget \u2018music\u2019.<\/p>\n\n\n\n<p><strong>Kontakt<\/strong><\/p>\n\n\n\n<p>Find mig p\u00e5 <a href=\"https:\/\/www.linkedin.com\/in\/mortenvg\/\" target=\"_blank\" rel=\"noopener\">LinkedIn<\/a><\/p>\n","protected":false},"excerpt":{"rendered":"<p>Jeg har arbejdet med IT siden 1993 \u2014 i over 30 \u00e5r som Systems Architect med speciale i Microsoft-teknologier. Sidel\u00f8bende har jeg opbygget solid erfaring med Linux-baseret infrastruktur \u2014 fra serverops\u00e6tning og shell-scripting til reverse proxies og containerisering. Det har givet mig et bredt perspektiv p\u00e5 alt fra enterprise-arkitektur til den nyeste AI-revolution. I dag [&hellip;]<\/p>\n","protected":false},"author":1,"featured_media":167,"parent":0,"menu_order":0,"comment_status":"closed","ping_status":"closed","template":"","meta":{"_acf_changed":false,"footnotes":""},"class_list":["post-166","page","type-page","status-publish","has-post-thumbnail","hentry"],"acf":[],"_links":{"self":[{"href":"https:\/\/vittrup-graversen.dk\/index.php\/wp-json\/wp\/v2\/pages\/166","targetHints":{"allow":["GET"]}}],"collection":[{"href":"https:\/\/vittrup-graversen.dk\/index.php\/wp-json\/wp\/v2\/pages"}],"about":[{"href":"https:\/\/vittrup-graversen.dk\/index.php\/wp-json\/wp\/v2\/types\/page"}],"author":[{"embeddable":true,"href":"https:\/\/vittrup-graversen.dk\/index.php\/wp-json\/wp\/v2\/users\/1"}],"replies":[{"embeddable":true,"href":"https:\/\/vittrup-graversen.dk\/index.php\/wp-json\/wp\/v2\/comments?post=166"}],"version-history":[{"count":25,"href":"https:\/\/vittrup-graversen.dk\/index.php\/wp-json\/wp\/v2\/pages\/166\/revisions"}],"predecessor-version":[{"id":712,"href":"https:\/\/vittrup-graversen.dk\/index.php\/wp-json\/wp\/v2\/pages\/166\/revisions\/712"}],"wp:featuredmedia":[{"embeddable":true,"href":"https:\/\/vittrup-graversen.dk\/index.php\/wp-json\/wp\/v2\/media\/167"}],"wp:attachment":[{"href":"https:\/\/vittrup-graversen.dk\/index.php\/wp-json\/wp\/v2\/media?parent=166"}],"curies":[{"name":"wp","href":"https:\/\/api.w.org\/{rel}","templated":true}]}}