{"id":399,"date":"2026-02-13T09:05:29","date_gmt":"2026-02-13T07:05:29","guid":{"rendered":"https:\/\/vittrup-graversen.dk\/?page_id=399"},"modified":"2026-03-19T07:18:21","modified_gmt":"2026-03-19T05:18:21","slug":"mit-gear","status":"publish","type":"page","link":"https:\/\/vittrup-graversen.dk\/index.php\/mit-gear\/","title":{"rendered":"Mit gear"},"content":{"rendered":"\n<h2 class=\"wp-block-heading\">Akustisk<\/h2>\n\n\n\n<ul class=\"wp-block-list\">\n<li>Muschima 3\/4 kontrabas fra ca 1980. Gennemgribende modificeret af Kenny Stormlund<\/li>\n\n\n\n<li>GK MBE III + GK MBX 112 extension<\/li>\n<\/ul>\n\n\n\n<h2 class=\"wp-block-heading\">Elektrisk<\/h2>\n\n\n\n<ul class=\"wp-block-list\">\n<li>Fender 5 \u201cRoscoe Beck\u201d signature<\/li>\n\n\n\n<li>Yamaha TRB 6<\/li>\n\n\n\n<li>ESP fretless (original fra 1980)<\/li>\n\n\n\n<li>Custom made 4 string pression bas (By Kenny Stormlund)<\/li>\n\n\n\n<li>Aguilar DB751+DB410<\/li>\n\n\n\n<li>Outboard:\n<ul class=\"wp-block-list\">\n<li>TC \u201cHall Of Fame\u201d<\/li>\n\n\n\n<li>TC \u201cCorona\u201d<\/li>\n\n\n\n<li>SourceAudio C4 Synth<\/li>\n\n\n\n<li>Origin Effect Cali 76 Bass<\/li>\n\n\n\n<li>DMC-micro Gen4 controller<\/li>\n\n\n\n<li>Lehle switch<\/li>\n\n\n\n<li>Genzler Analog Bass Pre\/DI<\/li>\n<\/ul>\n<\/li>\n<\/ul>\n\n\n\n<h2 class=\"wp-block-heading\">Software<\/h2>\n\n\n\n<p>I forbindelse med min \u00f8vning eller forberedelse til jobs\/koncerter hvor der skal \u00f8ves p\u00e5 nye arrangementer anvender jeg lidt forskelligt:<\/p>\n\n\n\n<ul class=\"wp-block-list\">\n<li><a href=\"https:\/\/www.apple.com\/logic-pro\/\" target=\"_blank\" rel=\"noreferrer noopener\">Logic Pro<\/a>: \u201chul-igennem\u201d til instrument<\/li>\n\n\n\n<li><a href=\"https:\/\/www.seventhstring.com\/xscribe\/overview.html\" target=\"_blank\" rel=\"noreferrer noopener\">Transcribe<\/a>: Har typisk fundet det arrangement der skal \u00f8ves p\u00e5 via YouTube og derefter anvendt en af de mange tjenester der kan gemme som MP3. Denne indl\u00e6ser jeg i Transcripe, hvor tempoet kan styres, s\u00e6tte bookmarks osv. Et fantasisk stykke software som er alle pengene v\u00e6rd!<\/li>\n\n\n\n<li><a href=\"https:\/\/moises.ai\/\" target=\"_blank\" rel=\"noreferrer noopener\">Moises<\/a>: Hvis bassen er meget utydelig\/mudret kan man f\u00e5 den isoleret via denne tjeneste &#8211; resultatet er ofte ganske overbevisende, hvilket g\u00f8r det ekstremt nemt at lytte af.<\/li>\n\n\n\n<li><a href=\"https:\/\/thegrizzlylabs.com\/genius-scan\/\" target=\"_blank\" rel=\"noopener\">Genius Scan<\/a>: Anvendes til at scanne arrangementer til PDF\u2019er<\/li>\n\n\n\n<li><a href=\"https:\/\/forscore.co\/\" target=\"_blank\" rel=\"noreferrer noopener\">ForeScore<\/a>: Jeg er g\u00e5et v\u00e6k fra at rode med papirnoder p\u00e5 scenen. Har alle arrangementer her<\/li>\n\n\n\n<li><a href=\"https:\/\/musescore.org\/en\" target=\"_blank\" rel=\"noreferrer noopener\">Musescore<\/a>: Mit absolutte go-to notationsv\u00e6rkt\u00f8j &#8211; gratis l\u00f8sning:) Slut med Sibilius &#8211; vi blev aldrig rigtige gode venner.  <\/li>\n\n\n\n<li><a href=\"https:\/\/www.irealpro.com\/\" target=\"_blank\" rel=\"noreferrer noopener\">iRealPro<\/a>: Perfekt at \u00f8ve sig til.<\/li>\n\n\n\n<li><a href=\"https:\/\/www.digitaltrombone.com\/chordchaser\" target=\"_blank\" rel=\"noreferrer noopener\">ChordChaser<\/a>: Perfekt til drone \u00f8velser over harmonier<\/li>\n\n\n\n<li><a href=\"https:\/\/www.projazzlab.com\/drumgenius\/\" target=\"_blank\" rel=\"noreferrer noopener\">DrumGenius<\/a>: Superfed tromme buddy &#8211; perfekt til time \u00f8velser. <\/li>\n<\/ul>\n\n\n\n<h2 class=\"wp-block-heading\">Workflow for \u00f8vning<\/h2>\n\n\n\n<p>Mit workflow er typisk:<\/p>\n\n\n\n<figure class=\"wp-block-image size-large\"><img loading=\"lazy\" decoding=\"async\" width=\"1024\" height=\"559\" src=\"https:\/\/vittrup-graversen.dk\/wp-content\/uploads\/2026\/02\/workflow-oevning-1024x559.png\" alt=\"\" class=\"wp-image-407\" srcset=\"https:\/\/vittrup-graversen.dk\/wp-content\/uploads\/2026\/02\/workflow-oevning-1024x559.png 1024w, https:\/\/vittrup-graversen.dk\/wp-content\/uploads\/2026\/02\/workflow-oevning-300x164.png 300w, https:\/\/vittrup-graversen.dk\/wp-content\/uploads\/2026\/02\/workflow-oevning-768x419.png 768w, https:\/\/vittrup-graversen.dk\/wp-content\/uploads\/2026\/02\/workflow-oevning.png 1408w\" sizes=\"auto, (max-width: 1024px) 100vw, 1024px\" \/><\/figure>\n\n\n\n<p><strong>Noter<\/strong>: Jeg anvender typisk kun Moises hvis jeg virkelig har sv\u00e6rt ved at h\u00f8re hvad der foreg\u00e5r og har brug for at f\u00e5 bassen isoleret. Som med alt andet der skal ind\u00f8ves, er det vitalt at kunne s\u00e6tte tempoet ned (nogen gange markant:)). Min oplevelse af Transcribe er, at man n\u00e6sten kan halvere tempoet uden at det g\u00e5r s\u00e5 meget ud over kvaliteten at det bliver utydeligt (eller ulideligt) at h\u00f8re p\u00e5. Det afh\u00e6nger selvf\u00f8lgelig af kvaliteten af optagelsen (garbage in-garbage out).<\/p>\n\n\n\n<p><\/p>\n","protected":false},"excerpt":{"rendered":"<p>Akustisk Elektrisk Software I forbindelse med min \u00f8vning eller forberedelse til jobs\/koncerter hvor der skal \u00f8ves p\u00e5 nye arrangementer anvender jeg lidt forskelligt: Workflow for \u00f8vning Mit workflow er typisk: Noter: Jeg anvender typisk kun Moises hvis jeg virkelig har sv\u00e6rt ved at h\u00f8re hvad der foreg\u00e5r og har brug for at f\u00e5 bassen isoleret. [&hellip;]<\/p>\n","protected":false},"author":1,"featured_media":404,"parent":0,"menu_order":0,"comment_status":"closed","ping_status":"closed","template":"","meta":{"_acf_changed":false,"footnotes":""},"class_list":["post-399","page","type-page","status-publish","has-post-thumbnail","hentry"],"acf":[],"_links":{"self":[{"href":"https:\/\/vittrup-graversen.dk\/index.php\/wp-json\/wp\/v2\/pages\/399","targetHints":{"allow":["GET"]}}],"collection":[{"href":"https:\/\/vittrup-graversen.dk\/index.php\/wp-json\/wp\/v2\/pages"}],"about":[{"href":"https:\/\/vittrup-graversen.dk\/index.php\/wp-json\/wp\/v2\/types\/page"}],"author":[{"embeddable":true,"href":"https:\/\/vittrup-graversen.dk\/index.php\/wp-json\/wp\/v2\/users\/1"}],"replies":[{"embeddable":true,"href":"https:\/\/vittrup-graversen.dk\/index.php\/wp-json\/wp\/v2\/comments?post=399"}],"version-history":[{"count":15,"href":"https:\/\/vittrup-graversen.dk\/index.php\/wp-json\/wp\/v2\/pages\/399\/revisions"}],"predecessor-version":[{"id":885,"href":"https:\/\/vittrup-graversen.dk\/index.php\/wp-json\/wp\/v2\/pages\/399\/revisions\/885"}],"wp:featuredmedia":[{"embeddable":true,"href":"https:\/\/vittrup-graversen.dk\/index.php\/wp-json\/wp\/v2\/media\/404"}],"wp:attachment":[{"href":"https:\/\/vittrup-graversen.dk\/index.php\/wp-json\/wp\/v2\/media?parent=399"}],"curies":[{"name":"wp","href":"https:\/\/api.w.org\/{rel}","templated":true}]}}